{"id":968,"date":"2018-11-23T17:17:44","date_gmt":"2018-11-23T16:17:44","guid":{"rendered":"https:\/\/owlclimb.com\/?page_id=968"},"modified":"2019-03-29T09:55:47","modified_gmt":"2019-03-29T08:55:47","slug":"termini","status":"publish","type":"page","link":"https:\/\/owlclimb.com\/index.php\/it\/contacts\/termini\/","title":{"rendered":"Termini e Condizioni"},"content":{"rendered":"<ol>\n<li>DEFINIZIONI<\/li>\n<\/ol>\n<ul>\n<li>Con l\u2019espressione FORNITORE si intende il soggetto indicato in epigrafe, ovvero il soggetto venditore di prodotti;<\/li>\n<li>Con l\u2019espressione ACQUIRENTE si intende la persona fisica o giuridica che compie l\u2019acquisto dei prodotti di cui al presente contratto per uso o finalit\u00e0 personale;<\/li>\n<li>Con l\u2019espressione CONTRATTO DI VENDITA ONLINE si intende il contratto di compravendita relativo ai prodotti prestati dal Fornitore, sia tramite tecniche di comunicazione a distanza, sia senza l\u2019ausilio di queste, stipulato fra il Fornitore e l\u2019Acquirente tramite strumenti telematici, nell\u2019ambito di un sistema di vendita a distanza organizzato dal Fornitore;<\/li>\n<li>Con l\u2019espressione TECNICHE DI COMUNICAZIONE A DISTANZA si intende qualunque mezzo che, senza la presenza fisica e simultanea del Fornitore e dell\u2019Acquirente, possa impiegarsi per la conclusione del contratto tra le dette parti;<\/li>\n<li>Con l\u2019espressione PRODOTTO si intende qualsiasi utilit\u00e0 destinata all\u2019acquirente a titolo oneroso o gratuito nell\u2019ambito della attivit\u00e0 commerciale.<\/li>\n<\/ul>\n<ol start=\"2\">\n<li>OGGETTO DEL CONTRATTO<\/li>\n<\/ol>\n<ul>\n<li>Il presente contratto ha per oggetto la compravendita di attrezzature per arrampicata ed allenamento a secco;<\/li>\n<li>I prodotti sono venduti dal Fornitore sul proprio sito web sulla base delle base delle scelte dell\u2019Acquirente ;<\/li>\n<li>I prodotti di cui al punto precedente sono descritti nella pagina all\u2019interno del sito web https:\/\/owlclimb.com;<\/li>\n<\/ul>\n<ol start=\"3\">\n<li>CONCLUSIONE ED EFFICACIA DEL CONTRATTO<\/li>\n<\/ol>\n<ul>\n<li>Il contratto fra il Fornitore e l\u2019Acquirente si conclude mediante l\u2019accettazione dei termini e delle condizioni da parte dell\u2019Acquirente mediante il sito https:\/\/owlclimb.com<\/li>\n<li>Il contratto fra il Fornitore e l\u2019Acquirente si conclude mediante l\u2019accesso dell\u2019Acquirente all\u2019indirizzo https:\/\/owlclimb.com, ove, seguendo le procedure indicate, l\u2019Acquirente arriver\u00e0 a formalizzare la propria accettazione per l\u2019acquisto dei prodotti offerti al pubblico dal Fornitore;<\/li>\n<li>Una volta che il Fornitore avr\u00e0 ricevuto l\u2019accettazione da parte dell\u2019Acquirente provveder\u00e0 all\u2019invio di una email di conferma e riepilogo dell\u2019ordine (entro 24 ore) e successivamente all\u2019invio del prodotto e\/o prodotti acquistati;<\/li>\n<\/ul>\n<ol start=\"4\">\n<li>TEMPI E MODALITA\u2019 DI ESECUZIONE<\/li>\n<\/ol>\n<ul>\n<li>Il Fornitore provveder\u00e0 a spedire il prodotto e\/o prodotti all\u2019Acquirente con le modalit\u00e0 indicate sul sito web https:\/\/owlclimb.com e comunque entro 48 ore dal ricevimento del pagamento;<\/li>\n<li>Il Fornitore si impegna a spedire il prodotto e\/o prodotti acquistato\/i entro i termini previsti dalle singole procedure, con le modalit\u00e0 indicate sul sito web https:\/\/owlclimb.com.<\/li>\n<\/ul>\n<ol start=\"5\">\n<li>CORRISPETTIVI:<\/li>\n<\/ol>\n<ul>\n<li>Il prezzo di ogni singolo PRODOTTO e la descrizione in esso contenuta \u00e8 illustrata sul sito https:\/\/owlclimb.com;<\/li>\n<li>L\u2019offerta dei prodotti proposti e illustrati sul sito https:\/\/owlclimb.com, con i relativi prezzi e le presenti condizioni di contratto, costituiscono ad ogni effetto offerta al pubblico ai sensi dell\u2019art. 1336 cc;<\/li>\n<li>I prezzi e le modalit\u00e0 di pagamento potranno essere soggetti a modifica a insindacabile giudizio del Fornitore, salvi gli ordini gi\u00e0 inoltrati;<\/li>\n<li>Qualora il Fornitore si trovi nella necessit\u00e0 inderogabile di modificare le condizioni di vendita dopo la conclusione del contratto e l\u2019inizio della prestazione stessa, dovr\u00e0 darne avviso scritto all\u2019Acquirente, il quale avr\u00e0, in tal caso, facolt\u00e0 di recedere dal contratto.<\/li>\n<\/ul>\n<ol start=\"6\">\n<li>MODALITA\u2019 DI PAGAMENTO:<\/li>\n<\/ol>\n<ul>\n<li>Ogni pagamento da parte dell\u2019Acquirente potr\u00e0 avvenire unicamente con carta di credito, Paypal o bonifico bancario anticipato.<\/li>\n<li>Il prezzo stabilito per ogni prodotto acquistato dovr\u00e0 essere versato nei termini stabiliti sul sito https:\/\/owlclimb.com;<\/li>\n<li>In caso di esercizio del diritto di recesso, ogni eventuale rimborso dovuto dal Fornitore all\u2019Acquirente verr\u00e0 accreditato mediante una delle modalit\u00e0 proposte dal Fornitore.<\/li>\n<\/ul>\n<ol start=\"7\">\n<li>OBBLIGHI DELL\u2019ACQUIRENTE:<\/li>\n<\/ol>\n<ul>\n<li>L\u2019Acquirente si impegna a pagare il prezzo del prodotto acquistato nei termini e con le modalit\u00e0 stabilite dal Fornitore;<\/li>\n<li>L\u2019Acquirente si impegna a comunicare al Fornitore, in modo veritiero, tutte le informazioni necessarie a rendere possibile la compravendita.<\/li>\n<\/ul>\n<ol start=\"8\">\n<li>OBBLIGHI DEL FORNITORE:<\/li>\n<\/ol>\n<ul>\n<li>Fatto salvo quanto specificamente previsto nel presente contratto, il Fornitore si impegna a fornire il prodotto oggetto del contratto stipulato con la dovuta diligenza, buona fede e correttezza;<\/li>\n<li>Il Fornitore si impegna a mantenere la segretezza su tutti i dati e le informazioni fornite dall\u2019Acquirente per consentire l\u2019erogazione della compravendita.<\/li>\n<\/ul>\n<ol start=\"9\">\n<li>RIFIUTO DI EVASIONE DELLE RICHIESTE<\/li>\n<\/ol>\n<ul>\n<li>E\u2019 facolt\u00e0 del Fornitore rifiutare la compravendita per ragioni di opportunit\u00e0 e senza comunque obbligo di motivazione;<\/li>\n<\/ul>\n<ol start=\"10\">\n<li>LIMITAZIONI DI RESPONSABILITA\u2019<\/li>\n<\/ol>\n<ul>\n<li>Il Fornitore \u00e8 esonerato da ogni responsabilit\u00e0 per i pregiudizi che siano derivati all\u2019Acquirente in caso di originaria impossibilit\u00e0, sospensione o definitiva interruzione della vendita del prodotto, dovute a cause di forza maggiore o a caso fortuito per disservizi e malfunzionamenti connessi all\u2019utilizzo della rete internet al di fuori del controllo proprio;<\/li>\n<li>Il Fornitore \u00e8 altres\u00ec esonerato da responsabilit\u00e0 per l\u2019eventuale indebito impossessamento fraudolento ed illecito da parte di terzi dei mezzi di pagamento che siano utilizzati dall\u2019Acquirente;<\/li>\n<li>In ogni caso, il Fornitore declina qualsiasi responsabilit\u00e0 derivante dall\u2019utilizzo improprio e per scopi difformi da quello espressamente indicato nel presente articolo.<\/li>\n<\/ul>\n<ol start=\"11\">\n<li>DIRITTO DI RECESSO<\/li>\n<\/ol>\n<ul>\n<li>L\u2019Acquirente pu\u00f2 esercitare il diritto di recesso in conformit\u00e0 alle leggi vigenti, inviando comunicazione scritta al Fornitore, entro giorni 14 dal ricevimento della merce tramite email all\u2019indirizzo: info@owlclimb.com . In caso di recesso, la merce dovr\u00e0 essere restituita, a cura e spese dell\u2019Acquirente, entro quindici giorni dalla comunicazione del recesso. Il prezzo verr\u00e0 restituito da parte del Fornitore in seguito al reso della merce e alla verifica dell\u2019integrit\u00e0 della stessa ;<\/li>\n<li>In caso di esercizio del diritto di recesso, qualora sia conforme alle disposizioni del presente contratto, nonch\u00e9 a quelle di legge, il Fornitore provveder\u00e0 al rimborso dell\u2019importo versato dall\u2019acquirente entro il termine di trenta giorni dalla ricezione della comunicazione di recesso. Non sono dovuti dal Fornitore interessi alcuni sulle somme versate dall\u2019Acquirente;<\/li>\n<li>Con la ricezione della comunicazione con la quale l\u2019Acquirente comunica l\u2019esercizio del diritto di recesso, le parti del presente contratto sono sciolte dai reciproci obblighi, fatto salvo quanto previsto dai precedenti punti;<\/li>\n<li>Il Fornitore ha diritto di recedere dal contratto qualora ritenga che le prestazioni offerte siano diventate eccessivamente onerose.<\/li>\n<\/ul>\n<ol start=\"12\">\n<li>CAUSA DI RISOLUZIONE<\/li>\n<\/ol>\n<ul>\n<li>Le obbligazioni di cui al punto 7, assunte dall\u2019Acquirente, nonch\u00e9 la garanzia del buon fine del pagamento che l\u2019Acquirente effettua con le modalit\u00e0 previste al punto 6 ed altres\u00ec l\u2019esatto adempimento degli obblighi assunti dal Fornitore al punto 8, hanno carattere essenziale, cosicch\u00e9, per patto espresso, l\u2019inadempimento di una soltanto di dette obbligazioni, ove non determinata da forza maggiore o da caso fortuito, comporta la risoluzione di diritto del contratto ex art. 1456 cc, senza necessit\u00e0 di una pronuncia giudiziale che produca il suddetto effetto.<\/li>\n<\/ul>\n<ol start=\"13\">\n<li>TUTELA DELLA RISERVATEZZA E TRATTAMENTO DEI DATI DELL\u2019ACQUIRENTE<\/li>\n<\/ol>\n<ul>\n<li>In fase di sottoscrizione del contratto, l\u2019Acquirente \u00e8 tenuto altres\u00ec a sottoscrivere altres\u00ec la liberatoria per il trattamento dei dati personali, presente nelle pagine del sito https:\/\/owlclimb.com . Con l\u2019invio dell\u2019ordine pertanto l\u2019Acquirente dichiara di sottoscrivere la liberatoria per il trattamento dei dati personali.<\/li>\n<\/ul>\n<ol start=\"14\">\n<li>COMUNICAZIONI E RECLAMI<\/li>\n<\/ol>\n<ul>\n<li>Le comunicazioni scritte dirette al Fornitore e gli eventuali reclami saranno ritenuti efficaci unicamente se inviati mediante emil all\u2019indirizzo info@owlclimb.com<\/li>\n<li>L\u2019Acquirente dovr\u00e0 indicare il numero di telefono e l\u2019indirizzo di posta elettronica a cui desidera che siano inviate le comunicazioni del Fornitore.<\/li>\n<\/ul>\n<ol start=\"15\">\n<li>CEDIBILITA\u2019 DEL CONTRATTO<\/li>\n<\/ol>\n<ul>\n<li>Il presente contratto non \u00e8 cedibile se non con l\u2019espresso e preventivo consenso scritto di entrambe le parti originarie dell\u2019accordo. La cessione avvenuta senza l\u2019osservanza di quanto prescritto nel presente articolo rester\u00e0 in ogni caso inefficace tra le parti.<\/li>\n<\/ul>\n<ol start=\"16\">\n<li>NULLITA\u2019 DI CLAUSOLE<\/li>\n<\/ol>\n<ul>\n<li>L\u2019eventuale nullit\u00e0 di singole clausole del presente contratto, anche in merito all\u2019interpretazione dello stesso, non incide sulla validit\u00e0 del contratto nel suo complesso.<\/li>\n<\/ul>\n<ol start=\"17\">\n<li>FORO ESCLUSIVAMENTE COMPETENTE<\/li>\n<\/ol>\n<ul>\n<li>Le parti individuano il Tribunale di Biella come Foro competente a decidere in merito ad ogni controversia che tra esse possa insorgere in riferimento alla esecuzione\/interpretazione del presente contratto , nonch\u00e9 in relazione a qualsiasi altra vicenda concernente i loro rapporti giuridicamente rilevanti che trovino nel contratto la loro origine. Letto e sottoscritto Ai sensi e per gli effetti degli artt. 1341 e 1342 cc, l\u2019Acquirente dichiara di approvare specificamente i punti 6, 7, 8, 10, 12, 16, 17 Letto e sottoscritto.<\/li>\n<\/ul>\n","protected":false},"excerpt":{"rendered":"<p>DEFINIZIONI Con l\u2019espressione FORNITORE si intende il soggetto indicato in epigrafe, ovvero il soggetto venditore di prodotti; Con l\u2019espressione ACQUIRENTE si intende la persona fisica o giuridica che compie l\u2019acquisto dei prodotti di cui al presente contratto per uso o finalit\u00e0 personale; Con l\u2019espressione CONTRATTO DI VENDITA ONLINE si intende il contratto di compravendita relativo ai prodotti prestati dal Fornitore, sia tramite tecniche di comunicazione&hellip; <\/p>\n","protected":false},"author":1,"featured_media":0,"parent":192,"menu_order":0,"comment_status":"closed","ping_status":"closed","template":"","meta":{"jetpack_post_was_ever_published":false,"footnotes":""},"class_list":["post-968","page","type-page","status-publish","hentry","clearfix"],"jetpack_sharing_enabled":true,"jetpack_shortlink":"https:\/\/wp.me\/PaJloB-fC","rttpg_featured_image_url":null,"rttpg_author":{"display_name":"Owl Climb","author_link":"https:\/\/owlclimb.com\/index.php\/author\/admin6005\/"},"rttpg_comment":0,"rttpg_category":" <a href=\"https:\/\/owlclimb.com\/index.php\/it\/\" rel=\"tag\">Italiano<\/a>","rttpg_excerpt":"DEFINIZIONI Con l\u2019espressione FORNITORE si intende il soggetto indicato in epigrafe, ovvero il soggetto venditore di prodotti; Con l\u2019espressione ACQUIRENTE si intende la persona fisica o giuridica che compie l\u2019acquisto dei prodotti di cui al presente contratto per uso o finalit\u00e0 personale; Con l\u2019espressione CONTRATTO DI VENDITA ONLINE si intende il contratto di compravendita relativo&hellip;","_links":{"self":[{"href":"https:\/\/owlclimb.com\/index.php\/wp-json\/wp\/v2\/pages\/968","targetHints":{"allow":["GET"]}}],"collection":[{"href":"https:\/\/owlclimb.com\/index.php\/wp-json\/wp\/v2\/pages"}],"about":[{"href":"https:\/\/owlclimb.com\/index.php\/wp-json\/wp\/v2\/types\/page"}],"author":[{"embeddable":true,"href":"https:\/\/owlclimb.com\/index.php\/wp-json\/wp\/v2\/users\/1"}],"replies":[{"embeddable":true,"href":"https:\/\/owlclimb.com\/index.php\/wp-json\/wp\/v2\/comments?post=968"}],"version-history":[{"count":5,"href":"https:\/\/owlclimb.com\/index.php\/wp-json\/wp\/v2\/pages\/968\/revisions"}],"predecessor-version":[{"id":1264,"href":"https:\/\/owlclimb.com\/index.php\/wp-json\/wp\/v2\/pages\/968\/revisions\/1264"}],"up":[{"embeddable":true,"href":"https:\/\/owlclimb.com\/index.php\/wp-json\/wp\/v2\/pages\/192"}],"wp:attachment":[{"href":"https:\/\/owlclimb.com\/index.php\/wp-json\/wp\/v2\/media?parent=968"}],"curies":[{"name":"wp","href":"https:\/\/api.w.org\/{rel}","templated":true}]}}