{"id":2067,"date":"2023-11-23T14:53:03","date_gmt":"2023-11-23T13:53:03","guid":{"rendered":"https:\/\/owlclimb.com\/?page_id=2067"},"modified":"2025-05-09T09:29:36","modified_gmt":"2025-05-09T07:29:36","slug":"flip","status":"publish","type":"page","link":"https:\/\/owlclimb.com\/index.php\/it\/prds\/flip\/","title":{"rendered":"Flip"},"content":{"rendered":"<h1><b>Una trave per tutti, Easy e hard si fondono insieme.<\/b><\/h1>\n<div id=\"metaslider-id-2054\" style=\"width: 100%; margin: 0 auto;\" class=\"ml-slider-3-106-0 metaslider metaslider-flex metaslider-2054 ml-slider has-dots-nav ms-theme-default\" role=\"region\" aria-label=\"flip\" data-height=\"500\" data-width=\"1280\">\n    <div id=\"metaslider_container_2054\">\n        <div id=\"metaslider_2054\" class=\"flexslider\">\n            <ul class='slides'>\n                <li style=\"display: block; width: 100%;\" class=\"slide-2073 ms-image \" aria-roledescription=\"slide\" data-date=\"2023-11-23 14:42:28\" data-filename=\"owlclimb_flip_0_faces_1-1280x500.jpg\" data-slide-type=\"image\"><a href=\"https:\/\/i0.wp.com\/owlclimb.com\/wp-content\/uploads\/2025\/05\/owlclimb_flip_0_faces_1.jpg?ssl=1\" target=\"_blank\" aria-label=\"Visualizza i dettagli della diapositiva\" class=\"metaslider_image_link\"><img data-recalc-dims=\"1\" loading=\"lazy\" decoding=\"async\" src=\"https:\/\/i0.wp.com\/owlclimb.com\/wp-content\/uploads\/2025\/05\/owlclimb_flip_0_faces_1.jpg?resize=790%2C309&#038;ssl=1\" height=\"309\" width=\"790\" alt=\"\" class=\"slider-2054 slide-2073 msDefaultImage\" title=\"owlclimb_flip_0_faces_1\" \/><\/a><\/li>\n                <li style=\"display: none; width: 100%;\" class=\"slide-2061 ms-image \" aria-roledescription=\"slide\" data-date=\"2023-11-23 14:22:44\" data-filename=\"owlclimb_flip_1_1-1280x500.jpg\" data-slide-type=\"image\"><a href=\"https:\/\/i0.wp.com\/owlclimb.com\/wp-content\/uploads\/2025\/05\/owlclimb_flip_1_1.jpg?ssl=1\" target=\"_blank\" aria-label=\"Visualizza i dettagli della diapositiva\" class=\"metaslider_image_link\"><img data-recalc-dims=\"1\" loading=\"lazy\" decoding=\"async\" src=\"https:\/\/i0.wp.com\/owlclimb.com\/wp-content\/uploads\/2025\/05\/owlclimb_flip_1_1.jpg?resize=790%2C309&#038;ssl=1\" height=\"309\" width=\"790\" alt=\"\" class=\"slider-2054 slide-2061 msDefaultImage\" title=\"owlclimb_flip_1_1\" \/><\/a><\/li>\n                <li style=\"display: none; width: 100%;\" class=\"slide-2062 ms-image \" aria-roledescription=\"slide\" data-date=\"2023-11-23 14:22:44\" data-filename=\"owlclimb_flip_2_1-1280x500.jpg\" data-slide-type=\"image\"><a href=\"https:\/\/i0.wp.com\/owlclimb.com\/wp-content\/uploads\/2025\/05\/owlclimb_flip_2_1.jpg?ssl=1\" target=\"_blank\" aria-label=\"Visualizza i dettagli della diapositiva\" class=\"metaslider_image_link\"><img data-recalc-dims=\"1\" loading=\"lazy\" decoding=\"async\" src=\"https:\/\/i0.wp.com\/owlclimb.com\/wp-content\/uploads\/2025\/05\/owlclimb_flip_2_1.jpg?resize=790%2C309&#038;ssl=1\" height=\"309\" width=\"790\" alt=\"\" class=\"slider-2054 slide-2062 msDefaultImage\" title=\"owlclimb_flip_2_1\" \/><\/a><\/li>\n                <li style=\"display: none; width: 100%;\" class=\"slide-2063 ms-image \" aria-roledescription=\"slide\" data-date=\"2023-11-23 14:22:45\" data-filename=\"owlclimb_flip_3_support_1-1280x500.jpg\" data-slide-type=\"image\"><a href=\"https:\/\/i0.wp.com\/owlclimb.com\/wp-content\/uploads\/2025\/05\/owlclimb_flip_3_support_1.jpg?ssl=1\" target=\"_blank\" aria-label=\"Visualizza i dettagli della diapositiva\" class=\"metaslider_image_link\"><img data-recalc-dims=\"1\" loading=\"lazy\" decoding=\"async\" src=\"https:\/\/i0.wp.com\/owlclimb.com\/wp-content\/uploads\/2025\/05\/owlclimb_flip_3_support_1.jpg?resize=790%2C309&#038;ssl=1\" height=\"309\" width=\"790\" alt=\"\" class=\"slider-2054 slide-2063 msDefaultImage\" title=\"owlclimb_flip_3_support_1\" \/><\/a><\/li>\n            <\/ul>\n        <\/div>\n        \n    <\/div>\n<\/div>\n<p><strong>Un\u2019accurata progettazione ha portato ad ottenere un prodotto per qualsiasi livello. Dal principiante al professionista, con un semplice flip si pu\u00f2 passare dalla modalit\u00e0 easy a quella hard in maniera rapida e sicura\u2026<\/strong><\/p>\n<p>&nbsp;<\/p>\n<p><strong>La modalit\u00e0 easy \u00e8 composta da:<\/strong><\/p>\n<p><strong>Maniglie <\/strong>profondit\u00e0 60 mm.<\/p>\n<p><strong>Svasi <\/strong>30\u00b0 e 25\u00b0.<\/p>\n<p><strong>Asole esterne <\/strong>\u00a0profondit\u00e0\u00a0 35 \/ 25 mm, interasse di 500 mm.<\/p>\n<p><strong>B dita\u00a0<\/strong>profondit\u00e0 40 \/ 30 mm, interasse\u00a0 270 mm.<\/p>\n<p><strong>Asola centrale <\/strong>\u00a0profondit\u00e0\u00a0 45 mm.<\/p>\n<p>&nbsp;<\/p>\n<p><strong>La modalit\u00e0 hard \u00e8 composta da:<\/strong><\/p>\n<p><strong>Svasi <\/strong>45\u00b0 \/ 40\u00b0 \/ 35\u00b0.<\/p>\n<p><strong>Asole esterne <\/strong>\u00a0profondit\u00e0\u00a0 20 \/ 15 mm, interasse 500 mm.<\/p>\n<p><strong>Mono dita\u00a0<\/strong>profondit\u00e0 45 \/ 35 mm, interasse 270 mm.<\/p>\n<p><strong>Asola centrale <\/strong>\u00a0profondit\u00e0\u00a0 30 mm.<\/p>\n<p>&nbsp;<\/p>\n<p><strong>Spigoli<\/strong>\u00a0raggiati per un miglior confort.<\/p>\n<p><strong>Supporto\u00a0<\/strong>in acciaio predisposto di fori per il fissaggio a qualsiasi superficie\u00a0<strong><u>(in dotazione).<\/u><\/strong><\/p>\n<p><strong>Perno di sicurezza <\/strong>in acciaio rivestito in tecnopolimero <strong><u>(in dotazione).<\/u><\/strong><\/p>\n<p><strong>Materiale:\u00a0<\/strong>Legno Toulipier.<\/p>\n<p><strong>Dimensioni trave:<\/strong> L 600 mm, H 160 mm, P 60 mm.<\/p>\n<p>&nbsp;<\/p>\n<blockquote><p>Per acquistare questo prodotto <a href=\"https:\/\/owlclimb.com\/index.php\/it\/prodotto\/flip\/\">visita il negozio.<\/a><\/p><\/blockquote>\n","protected":false},"excerpt":{"rendered":"<p>Una trave per tutti, Easy e hard si fondono insieme. Un\u2019accurata progettazione ha portato ad ottenere un prodotto per qualsiasi livello. Dal principiante al professionista, con un semplice flip si pu\u00f2 passare dalla modalit\u00e0 easy a quella hard in maniera rapida e sicura\u2026 &nbsp; La modalit\u00e0 easy \u00e8 composta da: Maniglie profondit\u00e0 60 mm. Svasi 30\u00b0 e 25\u00b0. Asole esterne \u00a0profondit\u00e0\u00a0 35 \/ 25 mm,&hellip; <\/p>\n","protected":false},"author":1,"featured_media":2215,"parent":52,"menu_order":0,"comment_status":"closed","ping_status":"closed","template":"","meta":{"jetpack_post_was_ever_published":false,"footnotes":""},"class_list":["post-2067","page","type-page","status-publish","has-post-thumbnail","hentry","clearfix"],"jetpack_sharing_enabled":true,"jetpack_shortlink":"https:\/\/wp.me\/PaJloB-xl","rttpg_featured_image_url":{"full":["https:\/\/i0.wp.com\/owlclimb.com\/wp-content\/uploads\/2025\/05\/owlclimb_flip_featured_1.jpg?fit=1051%2C623&ssl=1",1051,623,false],"landscape":["https:\/\/owlclimb.com\/wp-content\/uploads\/2025\/05\/owlclimb_flip_featured_1.jpg",1051,623,false],"portraits":["https:\/\/owlclimb.com\/wp-content\/uploads\/2025\/05\/owlclimb_flip_featured_1.jpg",1051,623,false],"thumbnail":["https:\/\/i0.wp.com\/owlclimb.com\/wp-content\/uploads\/2025\/05\/owlclimb_flip_featured_1.jpg?resize=150%2C150&ssl=1",150,150,true],"medium":["https:\/\/i0.wp.com\/owlclimb.com\/wp-content\/uploads\/2025\/05\/owlclimb_flip_featured_1.jpg?fit=300%2C178&ssl=1",300,178,true],"large":["https:\/\/i0.wp.com\/owlclimb.com\/wp-content\/uploads\/2025\/05\/owlclimb_flip_featured_1.jpg?fit=790%2C468&ssl=1",790,468,true],"1536x1536":["https:\/\/i0.wp.com\/owlclimb.com\/wp-content\/uploads\/2025\/05\/owlclimb_flip_featured_1.jpg?fit=1051%2C623&ssl=1",1051,623,true],"2048x2048":["https:\/\/i0.wp.com\/owlclimb.com\/wp-content\/uploads\/2025\/05\/owlclimb_flip_featured_1.jpg?fit=1051%2C623&ssl=1",1051,623,true],"freesiaempire_slider_image":["https:\/\/i0.wp.com\/owlclimb.com\/wp-content\/uploads\/2025\/05\/owlclimb_flip_featured_1.jpg?resize=1051%2C623&ssl=1",1051,623,true],"woocommerce_thumbnail":["https:\/\/i0.wp.com\/owlclimb.com\/wp-content\/uploads\/2025\/05\/owlclimb_flip_featured_1.jpg?resize=300%2C142&ssl=1",300,142,true],"woocommerce_single":["https:\/\/i0.wp.com\/owlclimb.com\/wp-content\/uploads\/2025\/05\/owlclimb_flip_featured_1.jpg?fit=600%2C356&ssl=1",600,356,true],"woocommerce_gallery_thumbnail":["https:\/\/i0.wp.com\/owlclimb.com\/wp-content\/uploads\/2025\/05\/owlclimb_flip_featured_1.jpg?resize=100%2C100&ssl=1",100,100,true]},"rttpg_author":{"display_name":"Owl Climb","author_link":"https:\/\/owlclimb.com\/index.php\/author\/admin6005\/"},"rttpg_comment":0,"rttpg_category":" <a href=\"https:\/\/owlclimb.com\/index.php\/it\/\" rel=\"tag\">Italiano<\/a>","rttpg_excerpt":"Una trave per tutti, Easy e hard si fondono insieme. Un\u2019accurata progettazione ha portato ad ottenere un prodotto per qualsiasi livello. Dal principiante al professionista, con un semplice flip si pu\u00f2 passare dalla modalit\u00e0 easy a quella hard in maniera rapida e sicura\u2026 &nbsp; La modalit\u00e0 easy \u00e8 composta da: Maniglie profondit\u00e0 60 mm. Svasi&hellip;","_links":{"self":[{"href":"https:\/\/owlclimb.com\/index.php\/wp-json\/wp\/v2\/pages\/2067","targetHints":{"allow":["GET"]}}],"collection":[{"href":"https:\/\/owlclimb.com\/index.php\/wp-json\/wp\/v2\/pages"}],"about":[{"href":"https:\/\/owlclimb.com\/index.php\/wp-json\/wp\/v2\/types\/page"}],"author":[{"embeddable":true,"href":"https:\/\/owlclimb.com\/index.php\/wp-json\/wp\/v2\/users\/1"}],"replies":[{"embeddable":true,"href":"https:\/\/owlclimb.com\/index.php\/wp-json\/wp\/v2\/comments?post=2067"}],"version-history":[{"count":7,"href":"https:\/\/owlclimb.com\/index.php\/wp-json\/wp\/v2\/pages\/2067\/revisions"}],"predecessor-version":[{"id":2216,"href":"https:\/\/owlclimb.com\/index.php\/wp-json\/wp\/v2\/pages\/2067\/revisions\/2216"}],"up":[{"embeddable":true,"href":"https:\/\/owlclimb.com\/index.php\/wp-json\/wp\/v2\/pages\/52"}],"wp:featuredmedia":[{"embeddable":true,"href":"https:\/\/owlclimb.com\/index.php\/wp-json\/wp\/v2\/media\/2215"}],"wp:attachment":[{"href":"https:\/\/owlclimb.com\/index.php\/wp-json\/wp\/v2\/media?parent=2067"}],"curies":[{"name":"wp","href":"https:\/\/api.w.org\/{rel}","templated":true}]}}